{"id":28350,"date":"2024-10-28T23:14:39","date_gmt":"2024-10-28T22:14:39","guid":{"rendered":"https:\/\/www.galeriebd.com\/product\/\/3416-princess-sara-sara-crewe-genga-page\/"},"modified":"2024-10-28T23:50:48","modified_gmt":"2024-10-28T22:50:48","slug":"3416-princess-sara-sara-crewe-genga","status":"publish","type":"product","link":"https:\/\/www.galeriebd.com\/en\/product\/hodgson-burnett-frances-princess-sara\/3416-princess-sara-sara-crewe-genga\/","title":{"rendered":"3416 &#8211; Princess Sara &#8211; Sara Crewe &#8211; Genga"},"content":{"rendered":"<p>3416 \u2013 Sara Crewe animation drawing. An original hand drawn production drawing, here a genga, from the Princess Sara (\u5c0f\u516c\u5973\u30bb\u30fc\u30e9, Sh\u014dk\u014djo S\u0113ra) Japanese anime television series, based on the 1905 children&#8217;s novel A Little Princess by Frances Hodgson Burnett. Made by a Japanese animator working at Nippon animation, using graphite pencils and color pencils on animation paper. Slight handling wear from production. Genga is the first original animation drawing representing the key poses of an animated sequence. All animation art and production drawings (layout, douga, genga, cel) sold by Galerie de la Bande Dessinee are safely sealed in archival bags with acid-free backing boards to keep the production art protected. Original production drawings are very desirable, because it is at this stage that the animators really brought the characters to life. Original production drawings from anime series are a spectacular addition to any art collection, and a great way to enjoy the artistry behind your favorite Anime and animated series.<\/p>\n","protected":false},"excerpt":{"rendered":"<p>Buy Princess Sara anime art (animation drawings). 3416 &#8211; Genga from the Princess Sara anime series.<\/p>\n","protected":false},"featured_media":28324,"template":"","meta":{"_acf_changed":false},"product_brand":[],"product_cat":[212],"product_tag":[],"class_list":{"0":"post-28350","1":"product","2":"type-product","3":"status-publish","4":"has-post-thumbnail","6":"artists-hodgson-burnett-frances-princess-sara-en","7":"product_cat-unclassified","8":"pa_annee-de-publication-1985-en","9":"pa_technique-colored-pencils","10":"pa_technique-pencil","12":"first","13":"outofstock","14":"purchasable","15":"product-type-simple"},"acf":[],"yoast_head":"<!-- This site is optimized with the Yoast SEO plugin v27.3 - https:\/\/yoast.com\/product\/yoast-seo-wordpress\/ -->\n<title>HODGSON BURNETT Frances - Princess Sara - 3416 - Princess Sara - Sara Crewe - Genga - Page  - Galerie de la Bande Dessinee<\/title>\n<meta name=\"description\" content=\"Buy Princess Sara anime art (animation drawings). 3416 - Genga from the Princess Sara anime series.\" \/>\n<meta name=\"robots\" content=\"index, follow, max-snippet:-1, max-image-preview:large, max-video-preview:-1\" \/>\n<link rel=\"canonical\" href=\"https:\/\/www.galeriebd.com\/en\/product\/hodgson-burnett-frances-princess-sara\/3416-princess-sara-sara-crewe-genga\/\" \/>\n<meta property=\"og:locale\" content=\"en_US\" \/>\n<meta property=\"og:type\" content=\"article\" \/>\n<meta property=\"og:title\" content=\"HODGSON BURNETT Frances - Princess Sara - 3416 - Princess Sara - Sara Crewe - Genga - Page  - Galerie de la Bande Dessinee\" \/>\n<meta property=\"og:description\" content=\"Buy Princess Sara anime art (animation drawings). 3416 - Genga from the Princess Sara anime series.\" \/>\n<meta property=\"og:url\" content=\"https:\/\/www.galeriebd.com\/en\/product\/hodgson-burnett-frances-princess-sara\/3416-princess-sara-sara-crewe-genga\/\" \/>\n<meta property=\"og:site_name\" content=\"Galerie de la Bande Dessinee\" \/>\n<meta property=\"article:publisher\" content=\"https:\/\/www.facebook.com\/GaleriedelaBandeDessinee\" \/>\n<meta property=\"article:modified_time\" content=\"2024-10-28T22:50:48+00:00\" \/>\n<meta property=\"og:image\" content=\"https:\/\/www.galeriebd.com\/wp-content\/uploads\/2024\/10\/3416_Princesse_Sarah_animation_drawing_doga_dessin.jpg\" \/>\n\t<meta property=\"og:image:width\" content=\"1920\" \/>\n\t<meta property=\"og:image:height\" content=\"1616\" \/>\n\t<meta property=\"og:image:type\" content=\"image\/jpeg\" \/>\n<meta name=\"twitter:card\" content=\"summary_large_image\" \/>\n<meta name=\"twitter:site\" content=\"@comicartfactory\" \/>\n<meta name=\"twitter:label1\" content=\"Est. reading time\" \/>\n\t<meta name=\"twitter:data1\" content=\"1 minute\" \/>\n<script type=\"application\/ld+json\" class=\"yoast-schema-graph\">{\"@context\":\"https:\\\/\\\/schema.org\",\"@graph\":[{\"@type\":\"WebPage\",\"@id\":\"https:\\\/\\\/www.galeriebd.com\\\/en\\\/product\\\/hodgson-burnett-frances-princess-sara\\\/3416-princess-sara-sara-crewe-genga\\\/\",\"url\":\"https:\\\/\\\/www.galeriebd.com\\\/en\\\/product\\\/hodgson-burnett-frances-princess-sara\\\/3416-princess-sara-sara-crewe-genga\\\/\",\"name\":\"HODGSON BURNETT Frances - Princess Sara - 3416 - Princess Sara - Sara Crewe - Genga - Page - Galerie de la Bande Dessinee\",\"isPartOf\":{\"@id\":\"https:\\\/\\\/www.galeriebd.com\\\/en\\\/#website\"},\"primaryImageOfPage\":{\"@id\":\"https:\\\/\\\/www.galeriebd.com\\\/en\\\/product\\\/hodgson-burnett-frances-princess-sara\\\/3416-princess-sara-sara-crewe-genga\\\/#primaryimage\"},\"image\":{\"@id\":\"https:\\\/\\\/www.galeriebd.com\\\/en\\\/product\\\/hodgson-burnett-frances-princess-sara\\\/3416-princess-sara-sara-crewe-genga\\\/#primaryimage\"},\"thumbnailUrl\":\"https:\\\/\\\/www.galeriebd.com\\\/wp-content\\\/uploads\\\/2024\\\/10\\\/3416_Princesse_Sarah_animation_drawing_doga_dessin.jpg\",\"datePublished\":\"2024-10-28T22:14:39+00:00\",\"dateModified\":\"2024-10-28T22:50:48+00:00\",\"description\":\"Buy Princess Sara anime art (animation drawings). 3416 - Genga from the Princess Sara anime series.\",\"breadcrumb\":{\"@id\":\"https:\\\/\\\/www.galeriebd.com\\\/en\\\/product\\\/hodgson-burnett-frances-princess-sara\\\/3416-princess-sara-sara-crewe-genga\\\/#breadcrumb\"},\"inLanguage\":\"en-US\",\"potentialAction\":[{\"@type\":\"ReadAction\",\"target\":[\"https:\\\/\\\/www.galeriebd.com\\\/en\\\/product\\\/hodgson-burnett-frances-princess-sara\\\/3416-princess-sara-sara-crewe-genga\\\/\"]}]},{\"@type\":\"ImageObject\",\"inLanguage\":\"en-US\",\"@id\":\"https:\\\/\\\/www.galeriebd.com\\\/en\\\/product\\\/hodgson-burnett-frances-princess-sara\\\/3416-princess-sara-sara-crewe-genga\\\/#primaryimage\",\"url\":\"https:\\\/\\\/www.galeriebd.com\\\/wp-content\\\/uploads\\\/2024\\\/10\\\/3416_Princesse_Sarah_animation_drawing_doga_dessin.jpg\",\"contentUrl\":\"https:\\\/\\\/www.galeriebd.com\\\/wp-content\\\/uploads\\\/2024\\\/10\\\/3416_Princesse_Sarah_animation_drawing_doga_dessin.jpg\",\"width\":1920,\"height\":1616},{\"@type\":\"BreadcrumbList\",\"@id\":\"https:\\\/\\\/www.galeriebd.com\\\/en\\\/product\\\/hodgson-burnett-frances-princess-sara\\\/3416-princess-sara-sara-crewe-genga\\\/#breadcrumb\",\"itemListElement\":[{\"@type\":\"ListItem\",\"position\":1,\"name\":\"Home\",\"item\":\"https:\\\/\\\/www.galeriebd.com\\\/en\\\/\"},{\"@type\":\"ListItem\",\"position\":2,\"name\":\"Shop\",\"item\":\"https:\\\/\\\/www.galeriebd.com\\\/en\\\/shop\\\/\"},{\"@type\":\"ListItem\",\"position\":3,\"name\":\"Unclassified\",\"item\":\"https:\\\/\\\/www.galeriebd.com\\\/en\\\/categorie-produit\\\/unclassified\\\/\"},{\"@type\":\"ListItem\",\"position\":4,\"name\":\"3416 &#8211; Princess Sara &#8211; Sara Crewe &#8211; Genga\"}]},{\"@type\":\"WebSite\",\"@id\":\"https:\\\/\\\/www.galeriebd.com\\\/en\\\/#website\",\"url\":\"https:\\\/\\\/www.galeriebd.com\\\/en\\\/\",\"name\":\"La Galerie de la Bande Dessin\u00e9e\",\"description\":\"Vente de dessins originaux et de planches de BD\",\"publisher\":{\"@id\":\"https:\\\/\\\/www.galeriebd.com\\\/en\\\/#organization\"},\"potentialAction\":[{\"@type\":\"SearchAction\",\"target\":{\"@type\":\"EntryPoint\",\"urlTemplate\":\"https:\\\/\\\/www.galeriebd.com\\\/en\\\/?s={search_term_string}\"},\"query-input\":{\"@type\":\"PropertyValueSpecification\",\"valueRequired\":true,\"valueName\":\"search_term_string\"}}],\"inLanguage\":\"en-US\"},{\"@type\":\"Organization\",\"@id\":\"https:\\\/\\\/www.galeriebd.com\\\/en\\\/#organization\",\"name\":\"La Galerie de la Bande Dessin\u00e9e\",\"url\":\"https:\\\/\\\/www.galeriebd.com\\\/en\\\/\",\"logo\":{\"@type\":\"ImageObject\",\"inLanguage\":\"en-US\",\"@id\":\"https:\\\/\\\/www.galeriebd.com\\\/en\\\/#\\\/schema\\\/logo\\\/image\\\/\",\"url\":\"https:\\\/\\\/www.galeriebd.com\\\/wp-content\\\/uploads\\\/2022\\\/09\\\/GalerieBD-logo-RVB-3pos-e1664285120235.jpg\",\"contentUrl\":\"https:\\\/\\\/www.galeriebd.com\\\/wp-content\\\/uploads\\\/2022\\\/09\\\/GalerieBD-logo-RVB-3pos-e1664285120235.jpg\",\"width\":1400,\"height\":812,\"caption\":\"La Galerie de la Bande Dessin\u00e9e\"},\"image\":{\"@id\":\"https:\\\/\\\/www.galeriebd.com\\\/en\\\/#\\\/schema\\\/logo\\\/image\\\/\"},\"sameAs\":[\"https:\\\/\\\/www.facebook.com\\\/GaleriedelaBandeDessinee\",\"https:\\\/\\\/x.com\\\/comicartfactory\",\"https:\\\/\\\/www.instagram.com\\\/galeriebd\\\/\",\"https:\\\/\\\/www.youtube.com\\\/channel\\\/UCN3x23zPeXNcd0zkbi5dPeg\\\/videos\"]}]}<\/script>\n<!-- \/ Yoast SEO plugin. -->","yoast_head_json":{"title":"HODGSON BURNETT Frances - Princess Sara - 3416 - Princess Sara - Sara Crewe - Genga - Page  - Galerie de la Bande Dessinee","description":"Buy Princess Sara anime art (animation drawings). 3416 - Genga from the Princess Sara anime series.","robots":{"index":"index","follow":"follow","max-snippet":"max-snippet:-1","max-image-preview":"max-image-preview:large","max-video-preview":"max-video-preview:-1"},"canonical":"https:\/\/www.galeriebd.com\/en\/product\/hodgson-burnett-frances-princess-sara\/3416-princess-sara-sara-crewe-genga\/","og_locale":"en_US","og_type":"article","og_title":"HODGSON BURNETT Frances - Princess Sara - 3416 - Princess Sara - Sara Crewe - Genga - Page  - Galerie de la Bande Dessinee","og_description":"Buy Princess Sara anime art (animation drawings). 3416 - Genga from the Princess Sara anime series.","og_url":"https:\/\/www.galeriebd.com\/en\/product\/hodgson-burnett-frances-princess-sara\/3416-princess-sara-sara-crewe-genga\/","og_site_name":"Galerie de la Bande Dessinee","article_publisher":"https:\/\/www.facebook.com\/GaleriedelaBandeDessinee","article_modified_time":"2024-10-28T22:50:48+00:00","og_image":[{"width":1920,"height":1616,"url":"https:\/\/www.galeriebd.com\/wp-content\/uploads\/2024\/10\/3416_Princesse_Sarah_animation_drawing_doga_dessin.jpg","type":"image\/jpeg"}],"twitter_card":"summary_large_image","twitter_site":"@comicartfactory","twitter_misc":{"Est. reading time":"1 minute"},"schema":{"@context":"https:\/\/schema.org","@graph":[{"@type":"WebPage","@id":"https:\/\/www.galeriebd.com\/en\/product\/hodgson-burnett-frances-princess-sara\/3416-princess-sara-sara-crewe-genga\/","url":"https:\/\/www.galeriebd.com\/en\/product\/hodgson-burnett-frances-princess-sara\/3416-princess-sara-sara-crewe-genga\/","name":"HODGSON BURNETT Frances - Princess Sara - 3416 - Princess Sara - Sara Crewe - Genga - Page - Galerie de la Bande Dessinee","isPartOf":{"@id":"https:\/\/www.galeriebd.com\/en\/#website"},"primaryImageOfPage":{"@id":"https:\/\/www.galeriebd.com\/en\/product\/hodgson-burnett-frances-princess-sara\/3416-princess-sara-sara-crewe-genga\/#primaryimage"},"image":{"@id":"https:\/\/www.galeriebd.com\/en\/product\/hodgson-burnett-frances-princess-sara\/3416-princess-sara-sara-crewe-genga\/#primaryimage"},"thumbnailUrl":"https:\/\/www.galeriebd.com\/wp-content\/uploads\/2024\/10\/3416_Princesse_Sarah_animation_drawing_doga_dessin.jpg","datePublished":"2024-10-28T22:14:39+00:00","dateModified":"2024-10-28T22:50:48+00:00","description":"Buy Princess Sara anime art (animation drawings). 3416 - Genga from the Princess Sara anime series.","breadcrumb":{"@id":"https:\/\/www.galeriebd.com\/en\/product\/hodgson-burnett-frances-princess-sara\/3416-princess-sara-sara-crewe-genga\/#breadcrumb"},"inLanguage":"en-US","potentialAction":[{"@type":"ReadAction","target":["https:\/\/www.galeriebd.com\/en\/product\/hodgson-burnett-frances-princess-sara\/3416-princess-sara-sara-crewe-genga\/"]}]},{"@type":"ImageObject","inLanguage":"en-US","@id":"https:\/\/www.galeriebd.com\/en\/product\/hodgson-burnett-frances-princess-sara\/3416-princess-sara-sara-crewe-genga\/#primaryimage","url":"https:\/\/www.galeriebd.com\/wp-content\/uploads\/2024\/10\/3416_Princesse_Sarah_animation_drawing_doga_dessin.jpg","contentUrl":"https:\/\/www.galeriebd.com\/wp-content\/uploads\/2024\/10\/3416_Princesse_Sarah_animation_drawing_doga_dessin.jpg","width":1920,"height":1616},{"@type":"BreadcrumbList","@id":"https:\/\/www.galeriebd.com\/en\/product\/hodgson-burnett-frances-princess-sara\/3416-princess-sara-sara-crewe-genga\/#breadcrumb","itemListElement":[{"@type":"ListItem","position":1,"name":"Home","item":"https:\/\/www.galeriebd.com\/en\/"},{"@type":"ListItem","position":2,"name":"Shop","item":"https:\/\/www.galeriebd.com\/en\/shop\/"},{"@type":"ListItem","position":3,"name":"Unclassified","item":"https:\/\/www.galeriebd.com\/en\/categorie-produit\/unclassified\/"},{"@type":"ListItem","position":4,"name":"3416 &#8211; Princess Sara &#8211; Sara Crewe &#8211; Genga"}]},{"@type":"WebSite","@id":"https:\/\/www.galeriebd.com\/en\/#website","url":"https:\/\/www.galeriebd.com\/en\/","name":"La Galerie de la Bande Dessin\u00e9e","description":"Vente de dessins originaux et de planches de BD","publisher":{"@id":"https:\/\/www.galeriebd.com\/en\/#organization"},"potentialAction":[{"@type":"SearchAction","target":{"@type":"EntryPoint","urlTemplate":"https:\/\/www.galeriebd.com\/en\/?s={search_term_string}"},"query-input":{"@type":"PropertyValueSpecification","valueRequired":true,"valueName":"search_term_string"}}],"inLanguage":"en-US"},{"@type":"Organization","@id":"https:\/\/www.galeriebd.com\/en\/#organization","name":"La Galerie de la Bande Dessin\u00e9e","url":"https:\/\/www.galeriebd.com\/en\/","logo":{"@type":"ImageObject","inLanguage":"en-US","@id":"https:\/\/www.galeriebd.com\/en\/#\/schema\/logo\/image\/","url":"https:\/\/www.galeriebd.com\/wp-content\/uploads\/2022\/09\/GalerieBD-logo-RVB-3pos-e1664285120235.jpg","contentUrl":"https:\/\/www.galeriebd.com\/wp-content\/uploads\/2022\/09\/GalerieBD-logo-RVB-3pos-e1664285120235.jpg","width":1400,"height":812,"caption":"La Galerie de la Bande Dessin\u00e9e"},"image":{"@id":"https:\/\/www.galeriebd.com\/en\/#\/schema\/logo\/image\/"},"sameAs":["https:\/\/www.facebook.com\/GaleriedelaBandeDessinee","https:\/\/x.com\/comicartfactory","https:\/\/www.instagram.com\/galeriebd\/","https:\/\/www.youtube.com\/channel\/UCN3x23zPeXNcd0zkbi5dPeg\/videos"]}]}},"_links":{"self":[{"href":"https:\/\/www.galeriebd.com\/en\/wp-json\/wp\/v2\/product\/28350","targetHints":{"allow":["GET"]}}],"collection":[{"href":"https:\/\/www.galeriebd.com\/en\/wp-json\/wp\/v2\/product"}],"about":[{"href":"https:\/\/www.galeriebd.com\/en\/wp-json\/wp\/v2\/types\/product"}],"wp:featuredmedia":[{"embeddable":true,"href":"https:\/\/www.galeriebd.com\/en\/wp-json\/wp\/v2\/media\/28324"}],"wp:attachment":[{"href":"https:\/\/www.galeriebd.com\/en\/wp-json\/wp\/v2\/media?parent=28350"}],"wp:term":[{"taxonomy":"product_brand","embeddable":true,"href":"https:\/\/www.galeriebd.com\/en\/wp-json\/wp\/v2\/product_brand?post=28350"},{"taxonomy":"product_cat","embeddable":true,"href":"https:\/\/www.galeriebd.com\/en\/wp-json\/wp\/v2\/product_cat?post=28350"},{"taxonomy":"product_tag","embeddable":true,"href":"https:\/\/www.galeriebd.com\/en\/wp-json\/wp\/v2\/product_tag?post=28350"}],"curies":[{"name":"wp","href":"https:\/\/api.w.org\/{rel}","templated":true}]}}