{"id":28303,"date":"2024-10-27T21:47:20","date_gmt":"2024-10-27T20:47:20","guid":{"rendered":"https:\/\/www.galeriebd.com\/product\/\/4076-sailor-moon-genga-page\/"},"modified":"2024-10-27T21:52:10","modified_gmt":"2024-10-27T20:52:10","slug":"4076-sailor-moon-genga","status":"publish","type":"product","link":"https:\/\/www.galeriebd.com\/en\/product\/takeuchi-naomi-pretty-soldier-sailor-moon\/4076-sailor-moon-genga\/","title":{"rendered":"4076 &#8211; Sailor Moon &#8211; Genga"},"content":{"rendered":"<p>4076 \u2013 Sailor Moon animation drawing. An original hand drawn production drawing, here a genga, from the Sailor Moon anime television series, produced by Toei Animation. Based on the Pretty Soldier Sailor Moon (\u7f8e\u5c11\u5973\u6226\u58eb\u30bb\u30fc\u30e9\u30fc\u30e0\u30fc\u30f3, Bish\u014djo Senshi S\u0113r\u0101 M\u016bn) manga, written and illustrated by mangaka Mangaka Naoko Takeuchi (\u6b66\u5185 \u76f4\u5b50), from 1991 to 1997. Made by a Japanese animator working at Toei Animation, using graphite pencils and color pencils on animation paper. Slight handling wear from production. Genga is the first original animation drawing representing the key poses of an animated sequence. All animation art and production drawings (layout, douga, genga, cel) sold by Galerie de la Bande Dessinee are safely sealed in archival bags with acid-free backing boards to keep the production art protected. Original production drawings are very desirable, because it is at this stage that the animators really brought the characters to life. Original production drawings from anime series are a spectacular addition to any art collection, and a great way to enjoy the artistry behind your favorite Anime and animated series.<\/p>\n","protected":false},"excerpt":{"rendered":"<p>Buy Pretty Soldier Sailor Moon animation drawings and anime art. 4076 &#8211; Genga from the anime series, based on the manga by Naoko Takeuchi.<\/p>\n","protected":false},"featured_media":28282,"template":"","meta":{"_acf_changed":false},"product_brand":[],"product_cat":[],"product_tag":[1487,1475],"class_list":{"0":"post-28303","1":"product","2":"type-product","3":"status-publish","4":"has-post-thumbnail","6":"artists-takeuchi-naomi-pretty-soldier-sailor-moon-en","7":"product_tag-douga-en","8":"product_tag-toei-en","9":"pa_annee-de-publication-1991-en","10":"pa_technique-colored-pencils","11":"pa_technique-pencil","13":"first","14":"outofstock","15":"purchasable","16":"product-type-simple"},"acf":[],"yoast_head":"<!-- This site is optimized with the Yoast SEO plugin v27.5 - https:\/\/yoast.com\/product\/yoast-seo-wordpress\/ -->\n<title>TAKEUCHI Naomi - PRETTY SOLDIER SAILOR MOON - 4076 - Sailor Moon - Genga - Page  - Galerie de la Bande Dessinee<\/title>\n<meta name=\"description\" content=\"Buy Pretty Soldier Sailor Moon animation drawings and anime art. 4076 - Genga from the anime series, based on the manga by Naoko Takeuchi.\" \/>\n<meta name=\"robots\" content=\"index, follow, max-snippet:-1, max-image-preview:large, max-video-preview:-1\" \/>\n<link rel=\"canonical\" href=\"https:\/\/www.galeriebd.com\/en\/product\/takeuchi-naomi-pretty-soldier-sailor-moon\/4076-sailor-moon-genga\/\" \/>\n<meta property=\"og:locale\" content=\"en_US\" \/>\n<meta property=\"og:type\" content=\"article\" \/>\n<meta property=\"og:title\" content=\"TAKEUCHI Naomi - PRETTY SOLDIER SAILOR MOON - 4076 - Sailor Moon - Genga - Page  - Galerie de la Bande Dessinee\" \/>\n<meta property=\"og:description\" content=\"Buy Pretty Soldier Sailor Moon animation drawings and anime art. 4076 - Genga from the anime series, based on the manga by Naoko Takeuchi.\" \/>\n<meta property=\"og:url\" content=\"https:\/\/www.galeriebd.com\/en\/product\/takeuchi-naomi-pretty-soldier-sailor-moon\/4076-sailor-moon-genga\/\" \/>\n<meta property=\"og:site_name\" content=\"Galerie de la Bande Dessinee\" \/>\n<meta property=\"article:publisher\" content=\"https:\/\/www.facebook.com\/GaleriedelaBandeDessinee\" \/>\n<meta property=\"article:modified_time\" content=\"2024-10-27T20:52:10+00:00\" \/>\n<meta property=\"og:image\" content=\"https:\/\/www.galeriebd.com\/wp-content\/uploads\/2024\/10\/4076_Sailor_Moon_anime_cel_original_drawings_doga.jpg\" \/>\n\t<meta property=\"og:image:width\" content=\"1920\" \/>\n\t<meta property=\"og:image:height\" content=\"1749\" \/>\n\t<meta property=\"og:image:type\" content=\"image\/jpeg\" \/>\n<meta name=\"twitter:card\" content=\"summary_large_image\" \/>\n<meta name=\"twitter:site\" content=\"@comicartfactory\" \/>\n<meta name=\"twitter:label1\" content=\"Est. reading time\" \/>\n\t<meta name=\"twitter:data1\" content=\"1 minute\" \/>\n<script type=\"application\/ld+json\" class=\"yoast-schema-graph\">{\"@context\":\"https:\\\/\\\/schema.org\",\"@graph\":[{\"@type\":\"WebPage\",\"@id\":\"https:\\\/\\\/www.galeriebd.com\\\/en\\\/product\\\/takeuchi-naomi-pretty-soldier-sailor-moon\\\/4076-sailor-moon-genga\\\/\",\"url\":\"https:\\\/\\\/www.galeriebd.com\\\/en\\\/product\\\/takeuchi-naomi-pretty-soldier-sailor-moon\\\/4076-sailor-moon-genga\\\/\",\"name\":\"TAKEUCHI Naomi - PRETTY SOLDIER SAILOR MOON - 4076 - Sailor Moon - Genga - Page - Galerie de la Bande Dessinee\",\"isPartOf\":{\"@id\":\"https:\\\/\\\/www.galeriebd.com\\\/en\\\/#website\"},\"primaryImageOfPage\":{\"@id\":\"https:\\\/\\\/www.galeriebd.com\\\/en\\\/product\\\/takeuchi-naomi-pretty-soldier-sailor-moon\\\/4076-sailor-moon-genga\\\/#primaryimage\"},\"image\":{\"@id\":\"https:\\\/\\\/www.galeriebd.com\\\/en\\\/product\\\/takeuchi-naomi-pretty-soldier-sailor-moon\\\/4076-sailor-moon-genga\\\/#primaryimage\"},\"thumbnailUrl\":\"https:\\\/\\\/www.galeriebd.com\\\/wp-content\\\/uploads\\\/2024\\\/10\\\/4076_Sailor_Moon_anime_cel_original_drawings_doga.jpg\",\"datePublished\":\"2024-10-27T20:47:20+00:00\",\"dateModified\":\"2024-10-27T20:52:10+00:00\",\"description\":\"Buy Pretty Soldier Sailor Moon animation drawings and anime art. 4076 - Genga from the anime series, based on the manga by Naoko Takeuchi.\",\"breadcrumb\":{\"@id\":\"https:\\\/\\\/www.galeriebd.com\\\/en\\\/product\\\/takeuchi-naomi-pretty-soldier-sailor-moon\\\/4076-sailor-moon-genga\\\/#breadcrumb\"},\"inLanguage\":\"en-US\",\"potentialAction\":[{\"@type\":\"ReadAction\",\"target\":[\"https:\\\/\\\/www.galeriebd.com\\\/en\\\/product\\\/takeuchi-naomi-pretty-soldier-sailor-moon\\\/4076-sailor-moon-genga\\\/\"]}]},{\"@type\":\"ImageObject\",\"inLanguage\":\"en-US\",\"@id\":\"https:\\\/\\\/www.galeriebd.com\\\/en\\\/product\\\/takeuchi-naomi-pretty-soldier-sailor-moon\\\/4076-sailor-moon-genga\\\/#primaryimage\",\"url\":\"https:\\\/\\\/www.galeriebd.com\\\/wp-content\\\/uploads\\\/2024\\\/10\\\/4076_Sailor_Moon_anime_cel_original_drawings_doga.jpg\",\"contentUrl\":\"https:\\\/\\\/www.galeriebd.com\\\/wp-content\\\/uploads\\\/2024\\\/10\\\/4076_Sailor_Moon_anime_cel_original_drawings_doga.jpg\",\"width\":1920,\"height\":1749},{\"@type\":\"BreadcrumbList\",\"@id\":\"https:\\\/\\\/www.galeriebd.com\\\/en\\\/product\\\/takeuchi-naomi-pretty-soldier-sailor-moon\\\/4076-sailor-moon-genga\\\/#breadcrumb\",\"itemListElement\":[{\"@type\":\"ListItem\",\"position\":1,\"name\":\"Home\",\"item\":\"https:\\\/\\\/www.galeriebd.com\\\/en\\\/\"},{\"@type\":\"ListItem\",\"position\":2,\"name\":\"Shop\",\"item\":\"https:\\\/\\\/www.galeriebd.com\\\/en\\\/shop\\\/\"},{\"@type\":\"ListItem\",\"position\":3,\"name\":\"4076 &#8211; Sailor Moon &#8211; Genga\"}]},{\"@type\":\"WebSite\",\"@id\":\"https:\\\/\\\/www.galeriebd.com\\\/en\\\/#website\",\"url\":\"https:\\\/\\\/www.galeriebd.com\\\/en\\\/\",\"name\":\"La Galerie de la Bande Dessin\u00e9e\",\"description\":\"Vente de dessins originaux et de planches de BD\",\"publisher\":{\"@id\":\"https:\\\/\\\/www.galeriebd.com\\\/en\\\/#organization\"},\"potentialAction\":[{\"@type\":\"SearchAction\",\"target\":{\"@type\":\"EntryPoint\",\"urlTemplate\":\"https:\\\/\\\/www.galeriebd.com\\\/en\\\/?s={search_term_string}\"},\"query-input\":{\"@type\":\"PropertyValueSpecification\",\"valueRequired\":true,\"valueName\":\"search_term_string\"}}],\"inLanguage\":\"en-US\"},{\"@type\":\"Organization\",\"@id\":\"https:\\\/\\\/www.galeriebd.com\\\/en\\\/#organization\",\"name\":\"La Galerie de la Bande Dessin\u00e9e\",\"url\":\"https:\\\/\\\/www.galeriebd.com\\\/en\\\/\",\"logo\":{\"@type\":\"ImageObject\",\"inLanguage\":\"en-US\",\"@id\":\"https:\\\/\\\/www.galeriebd.com\\\/en\\\/#\\\/schema\\\/logo\\\/image\\\/\",\"url\":\"https:\\\/\\\/www.galeriebd.com\\\/wp-content\\\/uploads\\\/2022\\\/09\\\/GalerieBD-logo-RVB-3pos-e1664285120235.jpg\",\"contentUrl\":\"https:\\\/\\\/www.galeriebd.com\\\/wp-content\\\/uploads\\\/2022\\\/09\\\/GalerieBD-logo-RVB-3pos-e1664285120235.jpg\",\"width\":1400,\"height\":812,\"caption\":\"La Galerie de la Bande Dessin\u00e9e\"},\"image\":{\"@id\":\"https:\\\/\\\/www.galeriebd.com\\\/en\\\/#\\\/schema\\\/logo\\\/image\\\/\"},\"sameAs\":[\"https:\\\/\\\/www.facebook.com\\\/GaleriedelaBandeDessinee\",\"https:\\\/\\\/x.com\\\/comicartfactory\",\"https:\\\/\\\/www.instagram.com\\\/galeriebd\\\/\",\"https:\\\/\\\/www.youtube.com\\\/channel\\\/UCN3x23zPeXNcd0zkbi5dPeg\\\/videos\"]}]}<\/script>\n<!-- \/ Yoast SEO plugin. -->","yoast_head_json":{"title":"TAKEUCHI Naomi - PRETTY SOLDIER SAILOR MOON - 4076 - Sailor Moon - Genga - Page  - Galerie de la Bande Dessinee","description":"Buy Pretty Soldier Sailor Moon animation drawings and anime art. 4076 - Genga from the anime series, based on the manga by Naoko Takeuchi.","robots":{"index":"index","follow":"follow","max-snippet":"max-snippet:-1","max-image-preview":"max-image-preview:large","max-video-preview":"max-video-preview:-1"},"canonical":"https:\/\/www.galeriebd.com\/en\/product\/takeuchi-naomi-pretty-soldier-sailor-moon\/4076-sailor-moon-genga\/","og_locale":"en_US","og_type":"article","og_title":"TAKEUCHI Naomi - PRETTY SOLDIER SAILOR MOON - 4076 - Sailor Moon - Genga - Page  - Galerie de la Bande Dessinee","og_description":"Buy Pretty Soldier Sailor Moon animation drawings and anime art. 4076 - Genga from the anime series, based on the manga by Naoko Takeuchi.","og_url":"https:\/\/www.galeriebd.com\/en\/product\/takeuchi-naomi-pretty-soldier-sailor-moon\/4076-sailor-moon-genga\/","og_site_name":"Galerie de la Bande Dessinee","article_publisher":"https:\/\/www.facebook.com\/GaleriedelaBandeDessinee","article_modified_time":"2024-10-27T20:52:10+00:00","og_image":[{"width":1920,"height":1749,"url":"https:\/\/www.galeriebd.com\/wp-content\/uploads\/2024\/10\/4076_Sailor_Moon_anime_cel_original_drawings_doga.jpg","type":"image\/jpeg"}],"twitter_card":"summary_large_image","twitter_site":"@comicartfactory","twitter_misc":{"Est. reading time":"1 minute"},"schema":{"@context":"https:\/\/schema.org","@graph":[{"@type":"WebPage","@id":"https:\/\/www.galeriebd.com\/en\/product\/takeuchi-naomi-pretty-soldier-sailor-moon\/4076-sailor-moon-genga\/","url":"https:\/\/www.galeriebd.com\/en\/product\/takeuchi-naomi-pretty-soldier-sailor-moon\/4076-sailor-moon-genga\/","name":"TAKEUCHI Naomi - PRETTY SOLDIER SAILOR MOON - 4076 - Sailor Moon - Genga - Page - Galerie de la Bande Dessinee","isPartOf":{"@id":"https:\/\/www.galeriebd.com\/en\/#website"},"primaryImageOfPage":{"@id":"https:\/\/www.galeriebd.com\/en\/product\/takeuchi-naomi-pretty-soldier-sailor-moon\/4076-sailor-moon-genga\/#primaryimage"},"image":{"@id":"https:\/\/www.galeriebd.com\/en\/product\/takeuchi-naomi-pretty-soldier-sailor-moon\/4076-sailor-moon-genga\/#primaryimage"},"thumbnailUrl":"https:\/\/www.galeriebd.com\/wp-content\/uploads\/2024\/10\/4076_Sailor_Moon_anime_cel_original_drawings_doga.jpg","datePublished":"2024-10-27T20:47:20+00:00","dateModified":"2024-10-27T20:52:10+00:00","description":"Buy Pretty Soldier Sailor Moon animation drawings and anime art. 4076 - Genga from the anime series, based on the manga by Naoko Takeuchi.","breadcrumb":{"@id":"https:\/\/www.galeriebd.com\/en\/product\/takeuchi-naomi-pretty-soldier-sailor-moon\/4076-sailor-moon-genga\/#breadcrumb"},"inLanguage":"en-US","potentialAction":[{"@type":"ReadAction","target":["https:\/\/www.galeriebd.com\/en\/product\/takeuchi-naomi-pretty-soldier-sailor-moon\/4076-sailor-moon-genga\/"]}]},{"@type":"ImageObject","inLanguage":"en-US","@id":"https:\/\/www.galeriebd.com\/en\/product\/takeuchi-naomi-pretty-soldier-sailor-moon\/4076-sailor-moon-genga\/#primaryimage","url":"https:\/\/www.galeriebd.com\/wp-content\/uploads\/2024\/10\/4076_Sailor_Moon_anime_cel_original_drawings_doga.jpg","contentUrl":"https:\/\/www.galeriebd.com\/wp-content\/uploads\/2024\/10\/4076_Sailor_Moon_anime_cel_original_drawings_doga.jpg","width":1920,"height":1749},{"@type":"BreadcrumbList","@id":"https:\/\/www.galeriebd.com\/en\/product\/takeuchi-naomi-pretty-soldier-sailor-moon\/4076-sailor-moon-genga\/#breadcrumb","itemListElement":[{"@type":"ListItem","position":1,"name":"Home","item":"https:\/\/www.galeriebd.com\/en\/"},{"@type":"ListItem","position":2,"name":"Shop","item":"https:\/\/www.galeriebd.com\/en\/shop\/"},{"@type":"ListItem","position":3,"name":"4076 &#8211; Sailor Moon &#8211; Genga"}]},{"@type":"WebSite","@id":"https:\/\/www.galeriebd.com\/en\/#website","url":"https:\/\/www.galeriebd.com\/en\/","name":"La Galerie de la Bande Dessin\u00e9e","description":"Vente de dessins originaux et de planches de BD","publisher":{"@id":"https:\/\/www.galeriebd.com\/en\/#organization"},"potentialAction":[{"@type":"SearchAction","target":{"@type":"EntryPoint","urlTemplate":"https:\/\/www.galeriebd.com\/en\/?s={search_term_string}"},"query-input":{"@type":"PropertyValueSpecification","valueRequired":true,"valueName":"search_term_string"}}],"inLanguage":"en-US"},{"@type":"Organization","@id":"https:\/\/www.galeriebd.com\/en\/#organization","name":"La Galerie de la Bande Dessin\u00e9e","url":"https:\/\/www.galeriebd.com\/en\/","logo":{"@type":"ImageObject","inLanguage":"en-US","@id":"https:\/\/www.galeriebd.com\/en\/#\/schema\/logo\/image\/","url":"https:\/\/www.galeriebd.com\/wp-content\/uploads\/2022\/09\/GalerieBD-logo-RVB-3pos-e1664285120235.jpg","contentUrl":"https:\/\/www.galeriebd.com\/wp-content\/uploads\/2022\/09\/GalerieBD-logo-RVB-3pos-e1664285120235.jpg","width":1400,"height":812,"caption":"La Galerie de la Bande Dessin\u00e9e"},"image":{"@id":"https:\/\/www.galeriebd.com\/en\/#\/schema\/logo\/image\/"},"sameAs":["https:\/\/www.facebook.com\/GaleriedelaBandeDessinee","https:\/\/x.com\/comicartfactory","https:\/\/www.instagram.com\/galeriebd\/","https:\/\/www.youtube.com\/channel\/UCN3x23zPeXNcd0zkbi5dPeg\/videos"]}]}},"_links":{"self":[{"href":"https:\/\/www.galeriebd.com\/en\/wp-json\/wp\/v2\/product\/28303","targetHints":{"allow":["GET"]}}],"collection":[{"href":"https:\/\/www.galeriebd.com\/en\/wp-json\/wp\/v2\/product"}],"about":[{"href":"https:\/\/www.galeriebd.com\/en\/wp-json\/wp\/v2\/types\/product"}],"wp:featuredmedia":[{"embeddable":true,"href":"https:\/\/www.galeriebd.com\/en\/wp-json\/wp\/v2\/media\/28282"}],"wp:attachment":[{"href":"https:\/\/www.galeriebd.com\/en\/wp-json\/wp\/v2\/media?parent=28303"}],"wp:term":[{"taxonomy":"product_brand","embeddable":true,"href":"https:\/\/www.galeriebd.com\/en\/wp-json\/wp\/v2\/product_brand?post=28303"},{"taxonomy":"product_cat","embeddable":true,"href":"https:\/\/www.galeriebd.com\/en\/wp-json\/wp\/v2\/product_cat?post=28303"},{"taxonomy":"product_tag","embeddable":true,"href":"https:\/\/www.galeriebd.com\/en\/wp-json\/wp\/v2\/product_tag?post=28303"}],"curies":[{"name":"wp","href":"https:\/\/api.w.org\/{rel}","templated":true}]}}