{"id":24233,"date":"2024-03-26T18:57:21","date_gmt":"2024-03-26T17:57:21","guid":{"rendered":"https:\/\/www.galeriebd.com\/product\/\/2269-hunter-x-hunter-gon-freecss-and-killua-zoldyck-production-cel-page\/"},"modified":"2024-03-26T19:54:41","modified_gmt":"2024-03-26T18:54:41","slug":"2269-hunter-x-hunter-gon-freecss-and-killua-zoldyck-production-cel","status":"publish","type":"product","link":"https:\/\/www.galeriebd.com\/en\/product\/togashi-yoshihiro-hunter-x-hunter\/2269-hunter-x-hunter-gon-freecss-and-killua-zoldyck-production-cel\/","title":{"rendered":"2269 &#8211; Hunter X Hunter &#8211; Gon Freecss and Killua Zoldyck &#8211; Production cel"},"content":{"rendered":"<p>2269 \u2013 Gon Freecss and Killua Zoldyck animation drawing. An original hand painted production cel from the Hunter x Hunter (\u30cf\u30f3\u30bf\u30fc\u00d7\u30cf\u30f3\u30bf\u30fc, Hant\u0101 \u00d7 Hant\u0101, HxH) anime TV series, based on the manga by mangaka Yoshihiro TOGASHI (\u51a8\u6a2b \u7fa9\u535a, Togashi Yoshihiro). Slight handling wear from production. Original production cel, Anime Cel, or celluloid, is a transparent plastic sheet composed of cellulose acetate. In the same format as the douga, the celluloid is painted by hand. All animation art and production drawings (layout, douga, genga, cel) sold by Galerie de la Bande Dessinee are safely sealed in archival bags with acid-free backing boards to keep the production art protected. Original production cels are a spectacular addition to any art collection, and a great way to enjoy the artistry behind your favorite Anime and animated series.<\/p>\n","protected":false},"excerpt":{"rendered":"<p>Buy Hunter X Hunter anime art (animation drawings). 2269 \u2013 Production cel from the anime series, based on the manga by Yoshihiro TOGASHI.<\/p>\n","protected":false},"featured_media":24191,"template":"","meta":{"_acf_changed":false},"product_brand":[],"product_cat":[212],"product_tag":[1491],"class_list":{"0":"post-24233","1":"product","2":"type-product","3":"status-publish","4":"has-post-thumbnail","6":"artists-togashi-yoshihiro-hunter-x-hunter-en","7":"product_cat-unclassified","8":"product_tag-original-production-cel-en","9":"pa_annee-de-publication-1999-en","10":"pa_technique-colored-pencils","11":"pa_technique-pencil","13":"first","14":"outofstock","15":"purchasable","16":"product-type-simple"},"acf":[],"yoast_head":"<!-- This site is optimized with the Yoast SEO plugin v27.3 - https:\/\/yoast.com\/product\/yoast-seo-wordpress\/ -->\n<title>TOGASHI Yoshihiro - Hunter X Hunter - 2269 - Hunter X Hunter - Gon Freecss and Killua Zoldyck - Production cel - Page  - Galerie de la Bande Dessinee<\/title>\n<meta name=\"description\" content=\"Buy Hunter X Hunter anime art (animation drawings). 2269 \u2013 Production cel from the anime series, based on the manga by Yoshihiro TOGASHI.\" \/>\n<meta name=\"robots\" content=\"index, follow, max-snippet:-1, max-image-preview:large, max-video-preview:-1\" \/>\n<link rel=\"canonical\" href=\"https:\/\/www.galeriebd.com\/en\/product\/togashi-yoshihiro-hunter-x-hunter\/2269-hunter-x-hunter-gon-freecss-and-killua-zoldyck-production-cel\/\" \/>\n<meta property=\"og:locale\" content=\"en_US\" \/>\n<meta property=\"og:type\" content=\"article\" \/>\n<meta property=\"og:title\" content=\"TOGASHI Yoshihiro - Hunter X Hunter - 2269 - Hunter X Hunter - Gon Freecss and Killua Zoldyck - Production cel - Page  - Galerie de la Bande Dessinee\" \/>\n<meta property=\"og:description\" content=\"Buy Hunter X Hunter anime art (animation drawings). 2269 \u2013 Production cel from the anime series, based on the manga by Yoshihiro TOGASHI.\" \/>\n<meta property=\"og:url\" content=\"https:\/\/www.galeriebd.com\/en\/product\/togashi-yoshihiro-hunter-x-hunter\/2269-hunter-x-hunter-gon-freecss-and-killua-zoldyck-production-cel\/\" \/>\n<meta property=\"og:site_name\" content=\"Galerie de la Bande Dessinee\" \/>\n<meta property=\"article:publisher\" content=\"https:\/\/www.facebook.com\/GaleriedelaBandeDessinee\" \/>\n<meta property=\"article:modified_time\" content=\"2024-03-26T18:54:41+00:00\" \/>\n<meta property=\"og:image\" content=\"https:\/\/www.galeriebd.com\/wp-content\/uploads\/2024\/03\/2269_Hunter_X_Hunter_Anime_cel_Douga_Doga_Original_production_art_drawing.jpg\" \/>\n\t<meta property=\"og:image:width\" content=\"1920\" \/>\n\t<meta property=\"og:image:height\" content=\"1673\" \/>\n\t<meta property=\"og:image:type\" content=\"image\/jpeg\" \/>\n<meta name=\"twitter:card\" content=\"summary_large_image\" \/>\n<meta name=\"twitter:site\" content=\"@comicartfactory\" \/>\n<meta name=\"twitter:label1\" content=\"Est. reading time\" \/>\n\t<meta name=\"twitter:data1\" content=\"1 minute\" \/>\n<script type=\"application\/ld+json\" class=\"yoast-schema-graph\">{\"@context\":\"https:\\\/\\\/schema.org\",\"@graph\":[{\"@type\":\"WebPage\",\"@id\":\"https:\\\/\\\/www.galeriebd.com\\\/en\\\/product\\\/togashi-yoshihiro-hunter-x-hunter\\\/2269-hunter-x-hunter-gon-freecss-and-killua-zoldyck-production-cel\\\/\",\"url\":\"https:\\\/\\\/www.galeriebd.com\\\/en\\\/product\\\/togashi-yoshihiro-hunter-x-hunter\\\/2269-hunter-x-hunter-gon-freecss-and-killua-zoldyck-production-cel\\\/\",\"name\":\"TOGASHI Yoshihiro - Hunter X Hunter - 2269 - Hunter X Hunter - Gon Freecss and Killua Zoldyck - Production cel - Page - Galerie de la Bande Dessinee\",\"isPartOf\":{\"@id\":\"https:\\\/\\\/www.galeriebd.com\\\/en\\\/#website\"},\"primaryImageOfPage\":{\"@id\":\"https:\\\/\\\/www.galeriebd.com\\\/en\\\/product\\\/togashi-yoshihiro-hunter-x-hunter\\\/2269-hunter-x-hunter-gon-freecss-and-killua-zoldyck-production-cel\\\/#primaryimage\"},\"image\":{\"@id\":\"https:\\\/\\\/www.galeriebd.com\\\/en\\\/product\\\/togashi-yoshihiro-hunter-x-hunter\\\/2269-hunter-x-hunter-gon-freecss-and-killua-zoldyck-production-cel\\\/#primaryimage\"},\"thumbnailUrl\":\"https:\\\/\\\/www.galeriebd.com\\\/wp-content\\\/uploads\\\/2024\\\/03\\\/2269_Hunter_X_Hunter_Anime_cel_Douga_Doga_Original_production_art_drawing.jpg\",\"datePublished\":\"2024-03-26T17:57:21+00:00\",\"dateModified\":\"2024-03-26T18:54:41+00:00\",\"description\":\"Buy Hunter X Hunter anime art (animation drawings). 2269 \u2013 Production cel from the anime series, based on the manga by Yoshihiro TOGASHI.\",\"breadcrumb\":{\"@id\":\"https:\\\/\\\/www.galeriebd.com\\\/en\\\/product\\\/togashi-yoshihiro-hunter-x-hunter\\\/2269-hunter-x-hunter-gon-freecss-and-killua-zoldyck-production-cel\\\/#breadcrumb\"},\"inLanguage\":\"en-US\",\"potentialAction\":[{\"@type\":\"ReadAction\",\"target\":[\"https:\\\/\\\/www.galeriebd.com\\\/en\\\/product\\\/togashi-yoshihiro-hunter-x-hunter\\\/2269-hunter-x-hunter-gon-freecss-and-killua-zoldyck-production-cel\\\/\"]}]},{\"@type\":\"ImageObject\",\"inLanguage\":\"en-US\",\"@id\":\"https:\\\/\\\/www.galeriebd.com\\\/en\\\/product\\\/togashi-yoshihiro-hunter-x-hunter\\\/2269-hunter-x-hunter-gon-freecss-and-killua-zoldyck-production-cel\\\/#primaryimage\",\"url\":\"https:\\\/\\\/www.galeriebd.com\\\/wp-content\\\/uploads\\\/2024\\\/03\\\/2269_Hunter_X_Hunter_Anime_cel_Douga_Doga_Original_production_art_drawing.jpg\",\"contentUrl\":\"https:\\\/\\\/www.galeriebd.com\\\/wp-content\\\/uploads\\\/2024\\\/03\\\/2269_Hunter_X_Hunter_Anime_cel_Douga_Doga_Original_production_art_drawing.jpg\",\"width\":1920,\"height\":1673},{\"@type\":\"BreadcrumbList\",\"@id\":\"https:\\\/\\\/www.galeriebd.com\\\/en\\\/product\\\/togashi-yoshihiro-hunter-x-hunter\\\/2269-hunter-x-hunter-gon-freecss-and-killua-zoldyck-production-cel\\\/#breadcrumb\",\"itemListElement\":[{\"@type\":\"ListItem\",\"position\":1,\"name\":\"Home\",\"item\":\"https:\\\/\\\/www.galeriebd.com\\\/en\\\/\"},{\"@type\":\"ListItem\",\"position\":2,\"name\":\"Shop\",\"item\":\"https:\\\/\\\/www.galeriebd.com\\\/en\\\/shop\\\/\"},{\"@type\":\"ListItem\",\"position\":3,\"name\":\"Unclassified\",\"item\":\"https:\\\/\\\/www.galeriebd.com\\\/en\\\/categorie-produit\\\/unclassified\\\/\"},{\"@type\":\"ListItem\",\"position\":4,\"name\":\"2269 &#8211; Hunter X Hunter &#8211; Gon Freecss and Killua Zoldyck &#8211; Production cel\"}]},{\"@type\":\"WebSite\",\"@id\":\"https:\\\/\\\/www.galeriebd.com\\\/en\\\/#website\",\"url\":\"https:\\\/\\\/www.galeriebd.com\\\/en\\\/\",\"name\":\"La Galerie de la Bande Dessin\u00e9e\",\"description\":\"Vente de dessins originaux et de planches de BD\",\"publisher\":{\"@id\":\"https:\\\/\\\/www.galeriebd.com\\\/en\\\/#organization\"},\"potentialAction\":[{\"@type\":\"SearchAction\",\"target\":{\"@type\":\"EntryPoint\",\"urlTemplate\":\"https:\\\/\\\/www.galeriebd.com\\\/en\\\/?s={search_term_string}\"},\"query-input\":{\"@type\":\"PropertyValueSpecification\",\"valueRequired\":true,\"valueName\":\"search_term_string\"}}],\"inLanguage\":\"en-US\"},{\"@type\":\"Organization\",\"@id\":\"https:\\\/\\\/www.galeriebd.com\\\/en\\\/#organization\",\"name\":\"La Galerie de la Bande Dessin\u00e9e\",\"url\":\"https:\\\/\\\/www.galeriebd.com\\\/en\\\/\",\"logo\":{\"@type\":\"ImageObject\",\"inLanguage\":\"en-US\",\"@id\":\"https:\\\/\\\/www.galeriebd.com\\\/en\\\/#\\\/schema\\\/logo\\\/image\\\/\",\"url\":\"https:\\\/\\\/www.galeriebd.com\\\/wp-content\\\/uploads\\\/2022\\\/09\\\/GalerieBD-logo-RVB-3pos-e1664285120235.jpg\",\"contentUrl\":\"https:\\\/\\\/www.galeriebd.com\\\/wp-content\\\/uploads\\\/2022\\\/09\\\/GalerieBD-logo-RVB-3pos-e1664285120235.jpg\",\"width\":1400,\"height\":812,\"caption\":\"La Galerie de la Bande Dessin\u00e9e\"},\"image\":{\"@id\":\"https:\\\/\\\/www.galeriebd.com\\\/en\\\/#\\\/schema\\\/logo\\\/image\\\/\"},\"sameAs\":[\"https:\\\/\\\/www.facebook.com\\\/GaleriedelaBandeDessinee\",\"https:\\\/\\\/x.com\\\/comicartfactory\",\"https:\\\/\\\/www.instagram.com\\\/galeriebd\\\/\",\"https:\\\/\\\/www.youtube.com\\\/channel\\\/UCN3x23zPeXNcd0zkbi5dPeg\\\/videos\"]}]}<\/script>\n<!-- \/ Yoast SEO plugin. -->","yoast_head_json":{"title":"TOGASHI Yoshihiro - Hunter X Hunter - 2269 - Hunter X Hunter - Gon Freecss and Killua Zoldyck - Production cel - Page  - Galerie de la Bande Dessinee","description":"Buy Hunter X Hunter anime art (animation drawings). 2269 \u2013 Production cel from the anime series, based on the manga by Yoshihiro TOGASHI.","robots":{"index":"index","follow":"follow","max-snippet":"max-snippet:-1","max-image-preview":"max-image-preview:large","max-video-preview":"max-video-preview:-1"},"canonical":"https:\/\/www.galeriebd.com\/en\/product\/togashi-yoshihiro-hunter-x-hunter\/2269-hunter-x-hunter-gon-freecss-and-killua-zoldyck-production-cel\/","og_locale":"en_US","og_type":"article","og_title":"TOGASHI Yoshihiro - Hunter X Hunter - 2269 - Hunter X Hunter - Gon Freecss and Killua Zoldyck - Production cel - Page  - Galerie de la Bande Dessinee","og_description":"Buy Hunter X Hunter anime art (animation drawings). 2269 \u2013 Production cel from the anime series, based on the manga by Yoshihiro TOGASHI.","og_url":"https:\/\/www.galeriebd.com\/en\/product\/togashi-yoshihiro-hunter-x-hunter\/2269-hunter-x-hunter-gon-freecss-and-killua-zoldyck-production-cel\/","og_site_name":"Galerie de la Bande Dessinee","article_publisher":"https:\/\/www.facebook.com\/GaleriedelaBandeDessinee","article_modified_time":"2024-03-26T18:54:41+00:00","og_image":[{"width":1920,"height":1673,"url":"https:\/\/www.galeriebd.com\/wp-content\/uploads\/2024\/03\/2269_Hunter_X_Hunter_Anime_cel_Douga_Doga_Original_production_art_drawing.jpg","type":"image\/jpeg"}],"twitter_card":"summary_large_image","twitter_site":"@comicartfactory","twitter_misc":{"Est. reading time":"1 minute"},"schema":{"@context":"https:\/\/schema.org","@graph":[{"@type":"WebPage","@id":"https:\/\/www.galeriebd.com\/en\/product\/togashi-yoshihiro-hunter-x-hunter\/2269-hunter-x-hunter-gon-freecss-and-killua-zoldyck-production-cel\/","url":"https:\/\/www.galeriebd.com\/en\/product\/togashi-yoshihiro-hunter-x-hunter\/2269-hunter-x-hunter-gon-freecss-and-killua-zoldyck-production-cel\/","name":"TOGASHI Yoshihiro - Hunter X Hunter - 2269 - Hunter X Hunter - Gon Freecss and Killua Zoldyck - Production cel - Page - Galerie de la Bande Dessinee","isPartOf":{"@id":"https:\/\/www.galeriebd.com\/en\/#website"},"primaryImageOfPage":{"@id":"https:\/\/www.galeriebd.com\/en\/product\/togashi-yoshihiro-hunter-x-hunter\/2269-hunter-x-hunter-gon-freecss-and-killua-zoldyck-production-cel\/#primaryimage"},"image":{"@id":"https:\/\/www.galeriebd.com\/en\/product\/togashi-yoshihiro-hunter-x-hunter\/2269-hunter-x-hunter-gon-freecss-and-killua-zoldyck-production-cel\/#primaryimage"},"thumbnailUrl":"https:\/\/www.galeriebd.com\/wp-content\/uploads\/2024\/03\/2269_Hunter_X_Hunter_Anime_cel_Douga_Doga_Original_production_art_drawing.jpg","datePublished":"2024-03-26T17:57:21+00:00","dateModified":"2024-03-26T18:54:41+00:00","description":"Buy Hunter X Hunter anime art (animation drawings). 2269 \u2013 Production cel from the anime series, based on the manga by Yoshihiro TOGASHI.","breadcrumb":{"@id":"https:\/\/www.galeriebd.com\/en\/product\/togashi-yoshihiro-hunter-x-hunter\/2269-hunter-x-hunter-gon-freecss-and-killua-zoldyck-production-cel\/#breadcrumb"},"inLanguage":"en-US","potentialAction":[{"@type":"ReadAction","target":["https:\/\/www.galeriebd.com\/en\/product\/togashi-yoshihiro-hunter-x-hunter\/2269-hunter-x-hunter-gon-freecss-and-killua-zoldyck-production-cel\/"]}]},{"@type":"ImageObject","inLanguage":"en-US","@id":"https:\/\/www.galeriebd.com\/en\/product\/togashi-yoshihiro-hunter-x-hunter\/2269-hunter-x-hunter-gon-freecss-and-killua-zoldyck-production-cel\/#primaryimage","url":"https:\/\/www.galeriebd.com\/wp-content\/uploads\/2024\/03\/2269_Hunter_X_Hunter_Anime_cel_Douga_Doga_Original_production_art_drawing.jpg","contentUrl":"https:\/\/www.galeriebd.com\/wp-content\/uploads\/2024\/03\/2269_Hunter_X_Hunter_Anime_cel_Douga_Doga_Original_production_art_drawing.jpg","width":1920,"height":1673},{"@type":"BreadcrumbList","@id":"https:\/\/www.galeriebd.com\/en\/product\/togashi-yoshihiro-hunter-x-hunter\/2269-hunter-x-hunter-gon-freecss-and-killua-zoldyck-production-cel\/#breadcrumb","itemListElement":[{"@type":"ListItem","position":1,"name":"Home","item":"https:\/\/www.galeriebd.com\/en\/"},{"@type":"ListItem","position":2,"name":"Shop","item":"https:\/\/www.galeriebd.com\/en\/shop\/"},{"@type":"ListItem","position":3,"name":"Unclassified","item":"https:\/\/www.galeriebd.com\/en\/categorie-produit\/unclassified\/"},{"@type":"ListItem","position":4,"name":"2269 &#8211; Hunter X Hunter &#8211; Gon Freecss and Killua Zoldyck &#8211; Production cel"}]},{"@type":"WebSite","@id":"https:\/\/www.galeriebd.com\/en\/#website","url":"https:\/\/www.galeriebd.com\/en\/","name":"La Galerie de la Bande Dessin\u00e9e","description":"Vente de dessins originaux et de planches de BD","publisher":{"@id":"https:\/\/www.galeriebd.com\/en\/#organization"},"potentialAction":[{"@type":"SearchAction","target":{"@type":"EntryPoint","urlTemplate":"https:\/\/www.galeriebd.com\/en\/?s={search_term_string}"},"query-input":{"@type":"PropertyValueSpecification","valueRequired":true,"valueName":"search_term_string"}}],"inLanguage":"en-US"},{"@type":"Organization","@id":"https:\/\/www.galeriebd.com\/en\/#organization","name":"La Galerie de la Bande Dessin\u00e9e","url":"https:\/\/www.galeriebd.com\/en\/","logo":{"@type":"ImageObject","inLanguage":"en-US","@id":"https:\/\/www.galeriebd.com\/en\/#\/schema\/logo\/image\/","url":"https:\/\/www.galeriebd.com\/wp-content\/uploads\/2022\/09\/GalerieBD-logo-RVB-3pos-e1664285120235.jpg","contentUrl":"https:\/\/www.galeriebd.com\/wp-content\/uploads\/2022\/09\/GalerieBD-logo-RVB-3pos-e1664285120235.jpg","width":1400,"height":812,"caption":"La Galerie de la Bande Dessin\u00e9e"},"image":{"@id":"https:\/\/www.galeriebd.com\/en\/#\/schema\/logo\/image\/"},"sameAs":["https:\/\/www.facebook.com\/GaleriedelaBandeDessinee","https:\/\/x.com\/comicartfactory","https:\/\/www.instagram.com\/galeriebd\/","https:\/\/www.youtube.com\/channel\/UCN3x23zPeXNcd0zkbi5dPeg\/videos"]}]}},"_links":{"self":[{"href":"https:\/\/www.galeriebd.com\/en\/wp-json\/wp\/v2\/product\/24233","targetHints":{"allow":["GET"]}}],"collection":[{"href":"https:\/\/www.galeriebd.com\/en\/wp-json\/wp\/v2\/product"}],"about":[{"href":"https:\/\/www.galeriebd.com\/en\/wp-json\/wp\/v2\/types\/product"}],"wp:featuredmedia":[{"embeddable":true,"href":"https:\/\/www.galeriebd.com\/en\/wp-json\/wp\/v2\/media\/24191"}],"wp:attachment":[{"href":"https:\/\/www.galeriebd.com\/en\/wp-json\/wp\/v2\/media?parent=24233"}],"wp:term":[{"taxonomy":"product_brand","embeddable":true,"href":"https:\/\/www.galeriebd.com\/en\/wp-json\/wp\/v2\/product_brand?post=24233"},{"taxonomy":"product_cat","embeddable":true,"href":"https:\/\/www.galeriebd.com\/en\/wp-json\/wp\/v2\/product_cat?post=24233"},{"taxonomy":"product_tag","embeddable":true,"href":"https:\/\/www.galeriebd.com\/en\/wp-json\/wp\/v2\/product_tag?post=24233"}],"curies":[{"name":"wp","href":"https:\/\/api.w.org\/{rel}","templated":true}]}}