{"id":24041,"date":"2024-03-25T19:50:41","date_gmt":"2024-03-25T18:50:41","guid":{"rendered":"https:\/\/www.galeriebd.com\/product\/\/3250-tokyo-ghoul-nishio-and-kaneki-layout-page\/"},"modified":"2024-03-25T20:08:03","modified_gmt":"2024-03-25T19:08:03","slug":"3250-tokyo-ghoul-nishio-and-kaneki-layout","status":"publish","type":"product","link":"https:\/\/www.galeriebd.com\/en\/product\/ishida-sui-tokyo-ghoul\/3250-tokyo-ghoul-nishio-and-kaneki-layout\/","title":{"rendered":"3250 &#8211; Tokyo Ghoul &#8211; Nishio and Kaneki &#8211; Layout"},"content":{"rendered":"<p>3250 \u2013 Nishio and Ken Kaneki animation drawing. Tokyo Ghoul, episode 5. An original hand drawn production drawing, here a layout, from the Tokyo Ghoul (\u6771\u4eac\u55b0\u7a2e (\u30c8\u30fc\u30ad\u30e7\u30fc\u30b0\u30fc\u30eb), T\u014dky\u014d G\u016bru) anime series, produced by Studio Pierrot, based on the manga by mangaka Sui ICHIDA (\u77f3\u7530 \u30b9\u30a4). Slight handling wear from production. This layout is a drawing made with graphite pencils and color pencils on animation paper, including the main poses of the characters, objects, and any effects. All animation art and production drawings (layout, douga, genga, cel) sold by Galerie de la Bande Dessinee are safely sealed in archival bags with acid-free backing boards to keep the production art protected. Original production drawings are very desirable, because it is at this stage that the animators really brought the characters to life. Original production drawings are a spectacular addition to any art collection, and a great way to enjoy the artistry behind your favorite Anime and animated series.<\/p>\n","protected":false},"excerpt":{"rendered":"<p>Buy Tokyo Ghoul anime production art (animation drawings). 3250 &#8211; Layout from the Tokyo Ghoul anime series, based on the manga by Sui Ichida.<\/p>\n","protected":false},"featured_media":24022,"template":"","meta":{"_acf_changed":false},"product_brand":[],"product_cat":[212],"product_tag":[1493,1473],"class_list":{"0":"post-24041","1":"product","2":"type-product","3":"status-publish","4":"has-post-thumbnail","6":"artists-ishida-sui-tokyo-ghoul-en","7":"product_cat-unclassified","8":"product_tag-layout-en","9":"product_tag-studio-pierrot-en","10":"pa_annee-de-publication-2014-en","11":"pa_technique-colored-pencils","12":"pa_technique-pencil","14":"first","15":"instock","16":"purchasable","17":"product-type-simple"},"acf":[],"yoast_head":"<!-- This site is optimized with the Yoast SEO plugin v27.4 - https:\/\/yoast.com\/product\/yoast-seo-wordpress\/ -->\n<title>ISHIDA Sui - TOKYO GHOUL - 3250 - Tokyo Ghoul - Nishio and Kaneki - Layout - Page  - Galerie de la Bande Dessinee<\/title>\n<meta name=\"description\" content=\"Buy Tokyo Ghoul anime production art (animation drawings). 3250 - Layout from the Tokyo Ghoul anime series, based on the manga by Sui Ichida.\" \/>\n<meta name=\"robots\" content=\"index, follow, max-snippet:-1, max-image-preview:large, max-video-preview:-1\" \/>\n<link rel=\"canonical\" href=\"https:\/\/www.galeriebd.com\/en\/product\/ishida-sui-tokyo-ghoul\/3250-tokyo-ghoul-nishio-and-kaneki-layout\/\" \/>\n<meta property=\"og:locale\" content=\"en_US\" \/>\n<meta property=\"og:type\" content=\"article\" \/>\n<meta property=\"og:title\" content=\"ISHIDA Sui - TOKYO GHOUL - 3250 - Tokyo Ghoul - Nishio and Kaneki - Layout - Page  - Galerie de la Bande Dessinee\" \/>\n<meta property=\"og:description\" content=\"Buy Tokyo Ghoul anime production art (animation drawings). 3250 - Layout from the Tokyo Ghoul anime series, based on the manga by Sui Ichida.\" \/>\n<meta property=\"og:url\" content=\"https:\/\/www.galeriebd.com\/en\/product\/ishida-sui-tokyo-ghoul\/3250-tokyo-ghoul-nishio-and-kaneki-layout\/\" \/>\n<meta property=\"og:site_name\" content=\"Galerie de la Bande Dessinee\" \/>\n<meta property=\"article:publisher\" content=\"https:\/\/www.facebook.com\/GaleriedelaBandeDessinee\" \/>\n<meta property=\"article:modified_time\" content=\"2024-03-25T19:08:03+00:00\" \/>\n<meta property=\"og:image\" content=\"https:\/\/www.galeriebd.com\/wp-content\/uploads\/2024\/03\/3250_Tokyo_Ghoul_Anime_Cel_Douga_Doga_Genga_production_drawing.jpg\" \/>\n\t<meta property=\"og:image:width\" content=\"1920\" \/>\n\t<meta property=\"og:image:height\" content=\"1339\" \/>\n\t<meta property=\"og:image:type\" content=\"image\/jpeg\" \/>\n<meta name=\"twitter:card\" content=\"summary_large_image\" \/>\n<meta name=\"twitter:site\" content=\"@comicartfactory\" \/>\n<meta name=\"twitter:label1\" content=\"Est. reading time\" \/>\n\t<meta name=\"twitter:data1\" content=\"1 minute\" \/>\n<script type=\"application\/ld+json\" class=\"yoast-schema-graph\">{\"@context\":\"https:\\\/\\\/schema.org\",\"@graph\":[{\"@type\":\"WebPage\",\"@id\":\"https:\\\/\\\/www.galeriebd.com\\\/en\\\/product\\\/ishida-sui-tokyo-ghoul\\\/3250-tokyo-ghoul-nishio-and-kaneki-layout\\\/\",\"url\":\"https:\\\/\\\/www.galeriebd.com\\\/en\\\/product\\\/ishida-sui-tokyo-ghoul\\\/3250-tokyo-ghoul-nishio-and-kaneki-layout\\\/\",\"name\":\"ISHIDA Sui - TOKYO GHOUL - 3250 - Tokyo Ghoul - Nishio and Kaneki - Layout - Page - Galerie de la Bande Dessinee\",\"isPartOf\":{\"@id\":\"https:\\\/\\\/www.galeriebd.com\\\/en\\\/#website\"},\"primaryImageOfPage\":{\"@id\":\"https:\\\/\\\/www.galeriebd.com\\\/en\\\/product\\\/ishida-sui-tokyo-ghoul\\\/3250-tokyo-ghoul-nishio-and-kaneki-layout\\\/#primaryimage\"},\"image\":{\"@id\":\"https:\\\/\\\/www.galeriebd.com\\\/en\\\/product\\\/ishida-sui-tokyo-ghoul\\\/3250-tokyo-ghoul-nishio-and-kaneki-layout\\\/#primaryimage\"},\"thumbnailUrl\":\"https:\\\/\\\/www.galeriebd.com\\\/wp-content\\\/uploads\\\/2024\\\/03\\\/3250_Tokyo_Ghoul_Anime_Cel_Douga_Doga_Genga_production_drawing.jpg\",\"datePublished\":\"2024-03-25T18:50:41+00:00\",\"dateModified\":\"2024-03-25T19:08:03+00:00\",\"description\":\"Buy Tokyo Ghoul anime production art (animation drawings). 3250 - Layout from the Tokyo Ghoul anime series, based on the manga by Sui Ichida.\",\"breadcrumb\":{\"@id\":\"https:\\\/\\\/www.galeriebd.com\\\/en\\\/product\\\/ishida-sui-tokyo-ghoul\\\/3250-tokyo-ghoul-nishio-and-kaneki-layout\\\/#breadcrumb\"},\"inLanguage\":\"en-US\",\"potentialAction\":[{\"@type\":\"ReadAction\",\"target\":[\"https:\\\/\\\/www.galeriebd.com\\\/en\\\/product\\\/ishida-sui-tokyo-ghoul\\\/3250-tokyo-ghoul-nishio-and-kaneki-layout\\\/\"]}]},{\"@type\":\"ImageObject\",\"inLanguage\":\"en-US\",\"@id\":\"https:\\\/\\\/www.galeriebd.com\\\/en\\\/product\\\/ishida-sui-tokyo-ghoul\\\/3250-tokyo-ghoul-nishio-and-kaneki-layout\\\/#primaryimage\",\"url\":\"https:\\\/\\\/www.galeriebd.com\\\/wp-content\\\/uploads\\\/2024\\\/03\\\/3250_Tokyo_Ghoul_Anime_Cel_Douga_Doga_Genga_production_drawing.jpg\",\"contentUrl\":\"https:\\\/\\\/www.galeriebd.com\\\/wp-content\\\/uploads\\\/2024\\\/03\\\/3250_Tokyo_Ghoul_Anime_Cel_Douga_Doga_Genga_production_drawing.jpg\",\"width\":1920,\"height\":1339},{\"@type\":\"BreadcrumbList\",\"@id\":\"https:\\\/\\\/www.galeriebd.com\\\/en\\\/product\\\/ishida-sui-tokyo-ghoul\\\/3250-tokyo-ghoul-nishio-and-kaneki-layout\\\/#breadcrumb\",\"itemListElement\":[{\"@type\":\"ListItem\",\"position\":1,\"name\":\"Home\",\"item\":\"https:\\\/\\\/www.galeriebd.com\\\/en\\\/\"},{\"@type\":\"ListItem\",\"position\":2,\"name\":\"Shop\",\"item\":\"https:\\\/\\\/www.galeriebd.com\\\/en\\\/shop\\\/\"},{\"@type\":\"ListItem\",\"position\":3,\"name\":\"Unclassified\",\"item\":\"https:\\\/\\\/www.galeriebd.com\\\/en\\\/categorie-produit\\\/unclassified\\\/\"},{\"@type\":\"ListItem\",\"position\":4,\"name\":\"3250 &#8211; Tokyo Ghoul &#8211; Nishio and Kaneki &#8211; Layout\"}]},{\"@type\":\"WebSite\",\"@id\":\"https:\\\/\\\/www.galeriebd.com\\\/en\\\/#website\",\"url\":\"https:\\\/\\\/www.galeriebd.com\\\/en\\\/\",\"name\":\"La Galerie de la Bande Dessin\u00e9e\",\"description\":\"Vente de dessins originaux et de planches de BD\",\"publisher\":{\"@id\":\"https:\\\/\\\/www.galeriebd.com\\\/en\\\/#organization\"},\"potentialAction\":[{\"@type\":\"SearchAction\",\"target\":{\"@type\":\"EntryPoint\",\"urlTemplate\":\"https:\\\/\\\/www.galeriebd.com\\\/en\\\/?s={search_term_string}\"},\"query-input\":{\"@type\":\"PropertyValueSpecification\",\"valueRequired\":true,\"valueName\":\"search_term_string\"}}],\"inLanguage\":\"en-US\"},{\"@type\":\"Organization\",\"@id\":\"https:\\\/\\\/www.galeriebd.com\\\/en\\\/#organization\",\"name\":\"La Galerie de la Bande Dessin\u00e9e\",\"url\":\"https:\\\/\\\/www.galeriebd.com\\\/en\\\/\",\"logo\":{\"@type\":\"ImageObject\",\"inLanguage\":\"en-US\",\"@id\":\"https:\\\/\\\/www.galeriebd.com\\\/en\\\/#\\\/schema\\\/logo\\\/image\\\/\",\"url\":\"https:\\\/\\\/www.galeriebd.com\\\/wp-content\\\/uploads\\\/2022\\\/09\\\/GalerieBD-logo-RVB-3pos-e1664285120235.jpg\",\"contentUrl\":\"https:\\\/\\\/www.galeriebd.com\\\/wp-content\\\/uploads\\\/2022\\\/09\\\/GalerieBD-logo-RVB-3pos-e1664285120235.jpg\",\"width\":1400,\"height\":812,\"caption\":\"La Galerie de la Bande Dessin\u00e9e\"},\"image\":{\"@id\":\"https:\\\/\\\/www.galeriebd.com\\\/en\\\/#\\\/schema\\\/logo\\\/image\\\/\"},\"sameAs\":[\"https:\\\/\\\/www.facebook.com\\\/GaleriedelaBandeDessinee\",\"https:\\\/\\\/x.com\\\/comicartfactory\",\"https:\\\/\\\/www.instagram.com\\\/galeriebd\\\/\",\"https:\\\/\\\/www.youtube.com\\\/channel\\\/UCN3x23zPeXNcd0zkbi5dPeg\\\/videos\"]}]}<\/script>\n<!-- \/ Yoast SEO plugin. -->","yoast_head_json":{"title":"ISHIDA Sui - TOKYO GHOUL - 3250 - Tokyo Ghoul - Nishio and Kaneki - Layout - Page  - Galerie de la Bande Dessinee","description":"Buy Tokyo Ghoul anime production art (animation drawings). 3250 - Layout from the Tokyo Ghoul anime series, based on the manga by Sui Ichida.","robots":{"index":"index","follow":"follow","max-snippet":"max-snippet:-1","max-image-preview":"max-image-preview:large","max-video-preview":"max-video-preview:-1"},"canonical":"https:\/\/www.galeriebd.com\/en\/product\/ishida-sui-tokyo-ghoul\/3250-tokyo-ghoul-nishio-and-kaneki-layout\/","og_locale":"en_US","og_type":"article","og_title":"ISHIDA Sui - TOKYO GHOUL - 3250 - Tokyo Ghoul - Nishio and Kaneki - Layout - Page  - Galerie de la Bande Dessinee","og_description":"Buy Tokyo Ghoul anime production art (animation drawings). 3250 - Layout from the Tokyo Ghoul anime series, based on the manga by Sui Ichida.","og_url":"https:\/\/www.galeriebd.com\/en\/product\/ishida-sui-tokyo-ghoul\/3250-tokyo-ghoul-nishio-and-kaneki-layout\/","og_site_name":"Galerie de la Bande Dessinee","article_publisher":"https:\/\/www.facebook.com\/GaleriedelaBandeDessinee","article_modified_time":"2024-03-25T19:08:03+00:00","og_image":[{"width":1920,"height":1339,"url":"https:\/\/www.galeriebd.com\/wp-content\/uploads\/2024\/03\/3250_Tokyo_Ghoul_Anime_Cel_Douga_Doga_Genga_production_drawing.jpg","type":"image\/jpeg"}],"twitter_card":"summary_large_image","twitter_site":"@comicartfactory","twitter_misc":{"Est. reading time":"1 minute"},"schema":{"@context":"https:\/\/schema.org","@graph":[{"@type":"WebPage","@id":"https:\/\/www.galeriebd.com\/en\/product\/ishida-sui-tokyo-ghoul\/3250-tokyo-ghoul-nishio-and-kaneki-layout\/","url":"https:\/\/www.galeriebd.com\/en\/product\/ishida-sui-tokyo-ghoul\/3250-tokyo-ghoul-nishio-and-kaneki-layout\/","name":"ISHIDA Sui - TOKYO GHOUL - 3250 - Tokyo Ghoul - Nishio and Kaneki - Layout - Page - Galerie de la Bande Dessinee","isPartOf":{"@id":"https:\/\/www.galeriebd.com\/en\/#website"},"primaryImageOfPage":{"@id":"https:\/\/www.galeriebd.com\/en\/product\/ishida-sui-tokyo-ghoul\/3250-tokyo-ghoul-nishio-and-kaneki-layout\/#primaryimage"},"image":{"@id":"https:\/\/www.galeriebd.com\/en\/product\/ishida-sui-tokyo-ghoul\/3250-tokyo-ghoul-nishio-and-kaneki-layout\/#primaryimage"},"thumbnailUrl":"https:\/\/www.galeriebd.com\/wp-content\/uploads\/2024\/03\/3250_Tokyo_Ghoul_Anime_Cel_Douga_Doga_Genga_production_drawing.jpg","datePublished":"2024-03-25T18:50:41+00:00","dateModified":"2024-03-25T19:08:03+00:00","description":"Buy Tokyo Ghoul anime production art (animation drawings). 3250 - Layout from the Tokyo Ghoul anime series, based on the manga by Sui Ichida.","breadcrumb":{"@id":"https:\/\/www.galeriebd.com\/en\/product\/ishida-sui-tokyo-ghoul\/3250-tokyo-ghoul-nishio-and-kaneki-layout\/#breadcrumb"},"inLanguage":"en-US","potentialAction":[{"@type":"ReadAction","target":["https:\/\/www.galeriebd.com\/en\/product\/ishida-sui-tokyo-ghoul\/3250-tokyo-ghoul-nishio-and-kaneki-layout\/"]}]},{"@type":"ImageObject","inLanguage":"en-US","@id":"https:\/\/www.galeriebd.com\/en\/product\/ishida-sui-tokyo-ghoul\/3250-tokyo-ghoul-nishio-and-kaneki-layout\/#primaryimage","url":"https:\/\/www.galeriebd.com\/wp-content\/uploads\/2024\/03\/3250_Tokyo_Ghoul_Anime_Cel_Douga_Doga_Genga_production_drawing.jpg","contentUrl":"https:\/\/www.galeriebd.com\/wp-content\/uploads\/2024\/03\/3250_Tokyo_Ghoul_Anime_Cel_Douga_Doga_Genga_production_drawing.jpg","width":1920,"height":1339},{"@type":"BreadcrumbList","@id":"https:\/\/www.galeriebd.com\/en\/product\/ishida-sui-tokyo-ghoul\/3250-tokyo-ghoul-nishio-and-kaneki-layout\/#breadcrumb","itemListElement":[{"@type":"ListItem","position":1,"name":"Home","item":"https:\/\/www.galeriebd.com\/en\/"},{"@type":"ListItem","position":2,"name":"Shop","item":"https:\/\/www.galeriebd.com\/en\/shop\/"},{"@type":"ListItem","position":3,"name":"Unclassified","item":"https:\/\/www.galeriebd.com\/en\/categorie-produit\/unclassified\/"},{"@type":"ListItem","position":4,"name":"3250 &#8211; Tokyo Ghoul &#8211; Nishio and Kaneki &#8211; Layout"}]},{"@type":"WebSite","@id":"https:\/\/www.galeriebd.com\/en\/#website","url":"https:\/\/www.galeriebd.com\/en\/","name":"La Galerie de la Bande Dessin\u00e9e","description":"Vente de dessins originaux et de planches de BD","publisher":{"@id":"https:\/\/www.galeriebd.com\/en\/#organization"},"potentialAction":[{"@type":"SearchAction","target":{"@type":"EntryPoint","urlTemplate":"https:\/\/www.galeriebd.com\/en\/?s={search_term_string}"},"query-input":{"@type":"PropertyValueSpecification","valueRequired":true,"valueName":"search_term_string"}}],"inLanguage":"en-US"},{"@type":"Organization","@id":"https:\/\/www.galeriebd.com\/en\/#organization","name":"La Galerie de la Bande Dessin\u00e9e","url":"https:\/\/www.galeriebd.com\/en\/","logo":{"@type":"ImageObject","inLanguage":"en-US","@id":"https:\/\/www.galeriebd.com\/en\/#\/schema\/logo\/image\/","url":"https:\/\/www.galeriebd.com\/wp-content\/uploads\/2022\/09\/GalerieBD-logo-RVB-3pos-e1664285120235.jpg","contentUrl":"https:\/\/www.galeriebd.com\/wp-content\/uploads\/2022\/09\/GalerieBD-logo-RVB-3pos-e1664285120235.jpg","width":1400,"height":812,"caption":"La Galerie de la Bande Dessin\u00e9e"},"image":{"@id":"https:\/\/www.galeriebd.com\/en\/#\/schema\/logo\/image\/"},"sameAs":["https:\/\/www.facebook.com\/GaleriedelaBandeDessinee","https:\/\/x.com\/comicartfactory","https:\/\/www.instagram.com\/galeriebd\/","https:\/\/www.youtube.com\/channel\/UCN3x23zPeXNcd0zkbi5dPeg\/videos"]}]}},"_links":{"self":[{"href":"https:\/\/www.galeriebd.com\/en\/wp-json\/wp\/v2\/product\/24041","targetHints":{"allow":["GET"]}}],"collection":[{"href":"https:\/\/www.galeriebd.com\/en\/wp-json\/wp\/v2\/product"}],"about":[{"href":"https:\/\/www.galeriebd.com\/en\/wp-json\/wp\/v2\/types\/product"}],"wp:featuredmedia":[{"embeddable":true,"href":"https:\/\/www.galeriebd.com\/en\/wp-json\/wp\/v2\/media\/24022"}],"wp:attachment":[{"href":"https:\/\/www.galeriebd.com\/en\/wp-json\/wp\/v2\/media?parent=24041"}],"wp:term":[{"taxonomy":"product_brand","embeddable":true,"href":"https:\/\/www.galeriebd.com\/en\/wp-json\/wp\/v2\/product_brand?post=24041"},{"taxonomy":"product_cat","embeddable":true,"href":"https:\/\/www.galeriebd.com\/en\/wp-json\/wp\/v2\/product_cat?post=24041"},{"taxonomy":"product_tag","embeddable":true,"href":"https:\/\/www.galeriebd.com\/en\/wp-json\/wp\/v2\/product_tag?post=24041"}],"curies":[{"name":"wp","href":"https:\/\/api.w.org\/{rel}","templated":true}]}}